{"id":328,"date":"2020-08-26T13:09:40","date_gmt":"2020-08-26T11:09:40","guid":{"rendered":"https:\/\/sabiniassociates.com\/?page_id=328"},"modified":"2025-12-21T18:56:59","modified_gmt":"2025-12-21T17:56:59","slug":"services","status":"publish","type":"page","link":"https:\/\/sabiniassociates.com\/it\/services\/","title":{"rendered":"Servizi"},"content":{"rendered":"<p class=\"has-drop-cap has-regular-font-size wp-block-paragraph\">Sabini and Associates collabora da quasi vent\u2019anni con le principali societ\u00e0 specializzate nella valutazione immobiliare, quali PRAXI e Savills. Tra i suoi clienti per le attivit\u00e0 di valutazione figurano numerose aziende italiane attive nel settore immobiliare, enti corporate e universit\u00e0, tra cui l\u2019Universit\u00e0 di Harvard, nonch\u00e9 diverse rinomate tenute vitivinicole e country resort che si sono avvalsi della competenza e dell\u2019esperienza di Sabini &amp; Associates Srl. <\/p>\n\n\n\n<div style=\"height:42px\" aria-hidden=\"true\" class=\"wp-block-spacer\"><\/div>\n\n\n\n<div class=\"wp-block-columns is-layout-flex wp-container-core-columns-is-layout-8f761849 wp-block-columns-is-layout-flex\">\n<div class=\"wp-block-column is-layout-flow wp-block-column-is-layout-flow\">\n<h2 class=\"wp-block-heading has-text-align-center has-larger-font-size\"><strong><span class=\"uppercase\">consulenza &amp; VALUTAZIONE  <\/span><\/strong><\/h2>\n\n\n\n<div style=\"height:24px\" aria-hidden=\"true\" class=\"wp-block-spacer\"><\/div>\n<\/div>\n\n\n\n<div class=\"wp-block-column is-layout-flow wp-block-column-is-layout-flow\">\n<p class=\"wp-block-paragraph\"><strong>La valutazione degli immobili pu\u00f2 essere finalizzata alla vendita, locazione, propedeutica al suo sviluppo o a finalit\u00e0 fiscali o aziendali, per questo l\u2019approccio valutativo \u00e8 studiato fin dall\u2019inizio con la propriet\u00e0 coerentemente con le indicazioni che a tale scopo vengono fornite.<\/strong><\/p>\n\n\n\n<p class=\"wp-block-paragraph\">La parte professionale tecnica della valutazione si avvale di professionisti geometri, architetti ed ingegneri.<\/p>\n<\/div>\n<\/div>\n\n\n\n<hr class=\"wp-block-separator has-alpha-channel-opacity\"\/>\n\n\n\n<div class=\"wp-block-columns is-layout-flex wp-container-core-columns-is-layout-8f761849 wp-block-columns-is-layout-flex\">\n<div class=\"wp-block-column is-layout-flow wp-block-column-is-layout-flow\">\n<h2 class=\"wp-block-heading has-text-align-center has-larger-font-size\"><strong><span class=\"uppercase\"> Marketing &amp; Intermediation<\/span><\/strong><\/h2>\n\n\n\n<div style=\"height:24px\" aria-hidden=\"true\" class=\"wp-block-spacer\"><\/div>\n<\/div>\n\n\n\n<div class=\"wp-block-column is-layout-flow wp-block-column-is-layout-flow\">\n<p class=\"wp-block-paragraph\"><strong><span style=\"color:#333738\" class=\"has-inline-color\">Servizio altamente professionale di intermediazione, in continuo rapporto di collaborazione con selezionati studi tecnici e di architettura e con gli studi notarili in modo da garantire la vendita o l\u2019acquisto sicuro sotto il profilo giuridico legale e della regolarit\u00e0 catastale ed urbanistica.&nbsp;<\/span><\/strong><\/p>\n\n\n\n<p class=\"wp-block-paragraph\"><strong>Attivit\u00e0 e competenze<\/strong>: raccolta della documentazione tecnica e predisposizione di un data room dell\u2019immobile; valutazione complessiva dell\u2019immobile; marketing e promozione della propriet\u00e0 attraverso media specializzati ed innovativi o presentandoli direttamente alla nostra selezionata clientela di investitori nel quadro di un procedimento di vendita riservato.&nbsp;<\/p>\n<\/div>\n<\/div>\n\n\n\n<hr class=\"wp-block-separator has-css-opacity\"\/>\n\n\n\n<div class=\"wp-block-columns is-layout-flex wp-container-core-columns-is-layout-8f761849 wp-block-columns-is-layout-flex\">\n<div class=\"wp-block-column is-layout-flow wp-block-column-is-layout-flow\">\n<h2 class=\"wp-block-heading has-text-align-center has-larger-font-size\"><strong>GESTIONE DEL PORTAFOGLIO IMMOBILIARE<\/strong><\/h2>\n\n\n\n<div style=\"height:24px\" aria-hidden=\"true\" class=\"wp-block-spacer\"><\/div>\n<\/div>\n\n\n\n<div class=\"wp-block-column is-layout-flow wp-block-column-is-layout-flow\">\n<p class=\"wp-block-paragraph\"><strong><span style=\"color:#36393b\" class=\"has-inline-color\">Lavoriamo per il miglioramento della redditivit\u00e0 del portafoglio immobiliare.<\/span>.<\/strong><\/p>\n\n\n\n<p class=\"wp-block-paragraph\"><strong>Attivit\u00e0 e competenze<\/strong>: analisi commerciale degli immobili in ottica di diversificazione, con attivit\u00e0 di ricerca di nuovi conduttori, vendita e ricerca di nuovi immobili. Coordinamento tra i professionisti per mantenere una linea coerente con l\u2019obiettivo prefisso.&nbsp;<\/p>\n<\/div>\n<\/div>\n\n\n\n<hr class=\"wp-block-separator has-css-opacity\"\/>\n\n\n\n<div class=\"wp-block-columns is-layout-flex wp-container-core-columns-is-layout-8f761849 wp-block-columns-is-layout-flex\">\n<div class=\"wp-block-column is-layout-flow wp-block-column-is-layout-flow\">\n<h2 class=\"wp-block-heading has-text-align-center has-larger-font-size\"><strong>VALORIZZAZIONE E SVILUPPO IMMOBILIARE<\/strong><\/h2>\n\n\n\n<div style=\"height:24px\" aria-hidden=\"true\" class=\"wp-block-spacer\"><\/div>\n<\/div>\n\n\n\n<div class=\"wp-block-column is-layout-flow wp-block-column-is-layout-flow\">\n<p class=\"wp-block-paragraph\"><strong><span style=\"color:#303233\" class=\"has-inline-color\">Il nostro supporto per la valorizzazione del patrimonio immobiliare.<\/span><\/strong><\/p>\n\n\n\n<p class=\"wp-block-paragraph\"><strong>Attivit\u00e0 e competenze: <\/strong>consiste di una consulenza dedicata ad ogni singolo Asset volta ad individuarne lo sviluppo migliore, attraverso il ricorso a cambi di destinazione d\u2019uso, frazionamenti ed altre iniziative, avendo come riferimento i reali bisogni dell\u2019utenza e la mutevole domanda del mercato. Per ottenere questo risultato lavoriamo in team, unendo le istanze di natura commerciale a quelle di natura tecnica, finanziaria e giuridica.<\/p>\n<\/div>\n<\/div>\n\n\n\n<hr class=\"wp-block-separator has-css-opacity\"\/>\n\n\n\n<div class=\"wp-block-columns coblocks-animate is-layout-flex wp-container-core-columns-is-layout-8f761849 wp-block-columns-is-layout-flex\" data-coblocks-animation=\"fadeIn\">\n<div class=\"wp-block-column is-vertically-aligned-top is-layout-flow wp-block-column-is-layout-flow\" style=\"flex-basis:50%\">\n<p class=\"has-small-font-size wp-block-paragraph\" style=\"font-style:normal;font-weight:400\"><a href=\"https:\/\/maps.google.com\/maps?z=16&amp;q=via%2Bdei%2Bpecori%2B3%2C%2B50123%2C%2Bflorence%2C%2Bitaly\" target=\"_blank\" rel=\"noreferrer noopener\">Via dei Pecori 3, 50123, Florence, Italy<\/a><\/p>\n\n\n\n<p class=\"has-small-font-size wp-block-paragraph\"><a href=\"mailto:info@sabiniassociates.com\">info@sabiniassociates.com<\/a><\/p>\n\n\n\n<p class=\"has-small-font-size wp-block-paragraph\">+39 333 3962327<\/p>\n\n\n<div class=\"wp-block-coblocks-social wp-block-coblocks-social-profiles\"><ul><li><a href=\"https:\/\/it.linkedin.com\/in\/stefano-sabini-2302834\" title=\"Linkedin\" class=\"wp-block-button__link wp-block-coblocks-social__button wp-block-coblocks-social__button--linkedin has-padding\" target=\"_blank\" rel=\"noopener noreferrer\"><span class=\"wp-block-coblocks-social__icon\"><\/span><span class=\"wp-block-coblocks-social__text\">Linkedin<\/span><\/a><\/li><\/ul><\/div><\/div>\n\n\n\n<div class=\"wp-block-column is-layout-flow wp-block-column-is-layout-flow\" style=\"flex-basis:50%\"><div class=\"wp-block-jetpack-contact-form is-layout-flex wp-container-jetpack-contact-form-is-layout-7f6ac06e wp-block-jetpack-contact-form-is-layout-flex\"><a href=\"https:\/\/sabiniassociates.com\/it\/services\/\" target=\"_blank\" rel=\"noopener noreferrer\">Invia un modulo.<\/a><\/div><\/div>\n<\/div>","protected":false},"excerpt":{"rendered":"<p>Sabini and Associates has been collaborating for almost twenty years with the main companies specialised in real estate valuation, such as PRAXI and Savills. Among his clients for the valuations are numerous Italian companies active in the real estate sector, corporate entities and universities, including Harvard University and several renowned winery estates and country resorts [&hellip;]<\/p>\n<a class=\"read-more-link\" title=\"Services\" href=\" https:\/\/sabiniassociates.com\/it\/services\/ \">Read more <span class=\"screen-reader-text\">\"Services\"<\/span><\/a>","protected":false},"author":166901792,"featured_media":0,"parent":0,"menu_order":0,"comment_status":"closed","ping_status":"closed","template":"","meta":{"_coblocks_attr":"","_coblocks_dimensions":"","_coblocks_responsive_height":"{\"coblocks-shape-divider-728233423180\":{\"shapeHeight\":{\"height\":21},\"backgroundHeight\":{\"height\":23}}}","_coblocks_accordion_ie_support":"","_crdt_document":"","advanced_seo_description":"","jetpack_seo_html_title":"","jetpack_seo_noindex":false,"footnotes":""},"tags":[],"class_list":["post-328","page","type-page","status-publish","hentry"],"jetpack_shortlink":"https:\/\/wp.me\/PbcxzH-5i","jetpack_sharing_enabled":true,"_links":{"self":[{"href":"https:\/\/sabiniassociates.com\/it\/wp-json\/wp\/v2\/pages\/328","targetHints":{"allow":["GET"]}}],"collection":[{"href":"https:\/\/sabiniassociates.com\/it\/wp-json\/wp\/v2\/pages"}],"about":[{"href":"https:\/\/sabiniassociates.com\/it\/wp-json\/wp\/v2\/types\/page"}],"author":[{"embeddable":true,"href":"https:\/\/sabiniassociates.com\/it\/wp-json\/wp\/v2\/users\/166901792"}],"replies":[{"embeddable":true,"href":"https:\/\/sabiniassociates.com\/it\/wp-json\/wp\/v2\/comments?post=328"}],"version-history":[{"count":62,"href":"https:\/\/sabiniassociates.com\/it\/wp-json\/wp\/v2\/pages\/328\/revisions"}],"predecessor-version":[{"id":7308,"href":"https:\/\/sabiniassociates.com\/it\/wp-json\/wp\/v2\/pages\/328\/revisions\/7308"}],"wp:attachment":[{"href":"https:\/\/sabiniassociates.com\/it\/wp-json\/wp\/v2\/media?parent=328"}],"wp:term":[{"taxonomy":"post_tag","embeddable":true,"href":"https:\/\/sabiniassociates.com\/it\/wp-json\/wp\/v2\/tags?post=328"}],"curies":[{"name":"wp","href":"https:\/\/api.w.org\/{rel}","templated":true}]}}